{"id":882,"date":"2016-03-05T10:34:29","date_gmt":"2016-03-05T09:34:29","guid":{"rendered":"http:\/\/abendzirkel.ch\/wp\/?page_id=882"},"modified":"2024-01-08T13:52:13","modified_gmt":"2024-01-08T12:52:13","slug":"geschichte","status":"publish","type":"page","link":"https:\/\/abendzirkel.ch\/wp\/?page_id=882","title":{"rendered":"Geschichte"},"content":{"rendered":"<p style=\"text-align: justify;\">Der Abendzirkel wurde in bewegter Zeit (nach mehreren Religionskriegen im Raum Luzern) 1852 am 2. Dezember gegr\u00fcndet. Ziel und Zweck war es, die Kameradschaft unter den Mitgliedern zu f\u00f6rdern, mit Respekt vor dem Einzelnen und der Freiheit, pers\u00f6nliche Ansichten, Anregungen und Kritik zum Ausdruck zu bringen.<\/p>\n<p style=\"text-align: justify;\">Anf\u00e4nglich wurden die Referate an den Sessionsabenden von den Mitgliedern des Abendzirkels selbst gehalten. Ab den 50-er Jahren wurden externe Referenten aus Politik, Wissenschaft, Wirtschaft und Kultur vom In\u2013 und Ausland eingeladen.<\/p>\n<p style=\"text-align: justify;\">Carl- Ludwig Zumb\u00fchl, erster Abendzirkel- Pr\u00e4sident, geboren am 5. Juni 1827, hatte 24 mal den Vorsitz inne. Damals gab es noch Tagespr\u00e4sidenten. Es kam vor, dass ein Mitglied mehrere Male das Amt des Pr\u00e4sidenten bekleidete, zuletzt im Jahre 1969 Bernhard Renggli, Sattlermeister. Carl- Ludwig Zumb\u00fchl war auch Gr\u00fcndungsmitglied der 1869 gegr\u00fcndeten Abendgesellschaft Reussb\u00fchl, welche nach dem Vorschlag Zumb\u00fchl\u2019s zuerst Abendgesellschaft Emmenbr\u00fccke hiess.<\/p>\n<p style=\"text-align: justify;\">Die einzige Frau, die je dem Abendzirkel beitritt, hiess Anna Maria Zumb\u00fchl und war Wirtin des Gasthauses Ochsen. Sie amtete als hauswirtschaftliche Expertin und lehrte die Littauer Frauen in der Dorfwaschh\u00fctte der Zwing den Umgang mit neuen Waschk\u00fcbeln.<\/p>\n<p style=\"text-align: justify;\">Schon 1860 besch\u00e4ftigten sich die Mitglieder des Abendzirkel mit Problemen, die wir auch heute noch kennen: dem Rauchen. Zitat aus der Abendzirkel- Chronik: \u201eF\u00fcr nichts und wieder nichts, gehen nach m\u00e4ssiger Berechnung im Kanton Luzern allein j\u00e4hrlich 350&#8217;000.- Fr. in Rauch auf.\u201c<\/p>\n<h1><strong>Lindenbaum<\/strong><\/h1>\n<p style=\"text-align: justify;\">Am 14. M\u00e4rz 1859 ums\u00e4umte viel Volk das Pl\u00e4tzchen vor der alten Kirche zu Littau. Fast das ganze Dorf hatte sich auf die Beine gemacht und wartete gespannt auf die Zeremonie, die sich hier an diesem Abend vollziehen sollte. 11 M\u00e4nner des Abendzirkels trugen Pickel oder Schaufel in der Hand und begannen w\u00fcrdevoll ein Loch auszuheben, in welches der Pr\u00e4sident behutsam ein Lindenb\u00e4umchen (Symbol des Abendzirkel) pflanzte, die Abendzirkellinde, der Baum des Lebens, des Abendzirkellebens.<\/p>\n<p style=\"text-align: justify;\">Die Abendzirkler wollten ihrem Zirkel ein Symbol geben, das ihre Generation \u00fcberlebte und sp\u00e4ter eine lebendige Erinnerung und Mahnung f\u00fcr die Ideale des Abendzirkels sein sollte. Leider musste die Linde 1938 beim Abbruch der alten Kirche weichen. Im Jubil\u00e4umsjahr 1952 trug der Abendzirkel beim Bau eines neuen Dorfbrunnens das seinige dazu bei und spendete ein neues Denkmal in Form der Brunnenplastik: Zwei singende Knaben.<\/p>\n<h1 style=\"text-align: justify;\"><strong>\u00a0Eisenbahnstrecke Luzern- Langnau<\/strong><\/h1>\n<p style=\"text-align: justify;\"><strong>\u00a0<\/strong>Am 11. August 1875 wurde die Eisenbahnstrecke Luzern- Langnau (Choli) er\u00f6ffnet. Der Bahnbau hatte auch im Abendzirkel verschiedentlich und viel zu reden gegeben. Es galt da vor allem die Interessen von Littau zu vertreten, wobei man mit den Kriensern ins Garn geriet, welche die Linie von Blatten \u00fcbers Renggloch und Kriens nach Luzern gef\u00fchrt wissen wollten. Im Abendzirkel war man sich einig, dass die Bahn \u00fcber Littau gef\u00fchrt werden sollte, was dann auch ausgef\u00fchrt wurde.<\/p>\n<h1 style=\"text-align: justify;\"><strong>Kaplanei und Pfarrei<\/strong><\/h1>\n<p style=\"text-align: justify;\">Auch am Pfarreileben nahm der Abendzirkel regen Anteil. Dass der Kaplan ab 1. September 1871 zu Recht als Herr Pfarrer angesprochen werden konnte, war ein grosses Verdienst des Abendzirkels. Im Abendzirkel sind die Eingaben ans Kirchendepartement um Errichtung einer selbstst\u00e4ndigen Pfarrei vorbesprochen, redigiert und Unterschriftensammlungen im Volk organisiert worden.<\/p>\n","protected":false},"excerpt":{"rendered":"<p>Der Abendzirkel wurde in bewegter Zeit (nach mehreren Religionskriegen im Raum Luzern) 1852 am 2. Dezember gegr\u00fcndet. Ziel und Zweck war es, die Kameradschaft unter den Mitgliedern zu f\u00f6rdern, mit Respekt vor dem Einzelnen und der Freiheit, pers\u00f6nliche Ansichten, Anregungen &hellip; <a href=\"https:\/\/abendzirkel.ch\/wp\/?page_id=882\">Weiterlesen <span class=\"meta-nav\">&rarr;<\/span><\/a><\/p>\n","protected":false},"author":1,"featured_media":0,"parent":0,"menu_order":0,"comment_status":"closed","ping_status":"closed","template":"","meta":{"_acf_changed":false,"footnotes":""},"class_list":["post-882","page","type-page","status-publish","hentry"],"acf":[],"_links":{"self":[{"href":"https:\/\/abendzirkel.ch\/wp\/index.php?rest_route=\/wp\/v2\/pages\/882","targetHints":{"allow":["GET"]}}],"collection":[{"href":"https:\/\/abendzirkel.ch\/wp\/index.php?rest_route=\/wp\/v2\/pages"}],"about":[{"href":"https:\/\/abendzirkel.ch\/wp\/index.php?rest_route=\/wp\/v2\/types\/page"}],"author":[{"embeddable":true,"href":"https:\/\/abendzirkel.ch\/wp\/index.php?rest_route=\/wp\/v2\/users\/1"}],"replies":[{"embeddable":true,"href":"https:\/\/abendzirkel.ch\/wp\/index.php?rest_route=%2Fwp%2Fv2%2Fcomments&post=882"}],"version-history":[{"count":3,"href":"https:\/\/abendzirkel.ch\/wp\/index.php?rest_route=\/wp\/v2\/pages\/882\/revisions"}],"predecessor-version":[{"id":2160,"href":"https:\/\/abendzirkel.ch\/wp\/index.php?rest_route=\/wp\/v2\/pages\/882\/revisions\/2160"}],"wp:attachment":[{"href":"https:\/\/abendzirkel.ch\/wp\/index.php?rest_route=%2Fwp%2Fv2%2Fmedia&parent=882"}],"curies":[{"name":"wp","href":"https:\/\/api.w.org\/{rel}","templated":true}]}}