{"id":875,"date":"2016-03-05T10:26:39","date_gmt":"2016-03-05T09:26:39","guid":{"rendered":"http:\/\/abendzirkel.ch\/wp\/?page_id=875"},"modified":"2024-01-08T13:48:18","modified_gmt":"2024-01-08T12:48:18","slug":"abendzirkel-verein","status":"publish","type":"page","link":"https:\/\/abendzirkel.ch\/wp\/?page_id=875","title":{"rendered":"Abendzirkel Verein"},"content":{"rendered":"\n<div class=\"wp-block-image\"><figure class=\"aligncenter\"><img loading=\"lazy\" decoding=\"async\" width=\"130\" height=\"165\" src=\"https:\/\/abendzirkel.ch\/wp\/wp-content\/uploads\/2020\/09\/az-logo-modern-mittel.png\" alt=\"\" class=\"wp-image-1761\"\/><\/figure><\/div>\n\n\n<p style=\"text-align: justify;\">Der Abendzirkel Littau (www.abendzirkel.ch), eine am 2. Dezember 1852 gegr\u00fcndete Gesellschaft freundschaftlich gesinnter M\u00e4nner, hat \u00fcber 170 Jahre lang den gesellschaftlichen W<a href=\"https:\/\/abendzirkel.ch\/wp\/wp-content\/uploads\/2016\/03\/AZLVerein.jpg\"><img loading=\"lazy\" decoding=\"async\" class=\"size-medium wp-image-877 alignleft\" src=\"https:\/\/abendzirkel.ch\/wp\/wp-content\/uploads\/2016\/03\/AZLVerein.jpg\" alt=\"AZLVerein\" width=\"279\" height=\"297\" srcset=\"https:\/\/abendzirkel.ch\/wp\/wp-content\/uploads\/2016\/03\/AZLVerein.jpg 279w, https:\/\/abendzirkel.ch\/wp\/wp-content\/uploads\/2016\/03\/AZLVerein-225x240.jpg 225w\" sizes=\"auto, (max-width: 279px) 100vw, 279px\" \/><\/a>andel mitgestaltet und pr\u00e4sentiert sich heute als tragende und lebendige Kraft in der ehemaligen Gemeinde Littau. Die Abendzirkler treffen sich jeden Donnerstag von Neujahr bis zur Fasnacht im Gasthaus Ochsen in Littau zu den so genannten Sessionsabenden. Auf der Basis der Werte DENKEN, DISKUSSION und DEMOKRATIE werden Fragen von allgemeinem Interesse und Geschehen in Wirtschaft, Politik und Kultur thematisiert. Es werden jeweils prominente Referenten eingeladen. Die Referate richten sich fr\u00fcher wie heute vielfach nach dem Beruf und dem Interesse des jeweiligen Pr\u00e4sidenten. Jedes Jahr wird ein neuer Pr\u00e4sident gew\u00e4hlt.<\/p>","protected":false},"excerpt":{"rendered":"<p>Der Abendzirkel Littau (www.abendzirkel.ch), eine am 2. Dezember 1852 gegr\u00fcndete Gesellschaft freundschaftlich gesinnter M\u00e4nner, hat \u00fcber 170 Jahre lang den gesellschaftlichen Wandel mitgestaltet und pr\u00e4sentiert sich heute als tragende und lebendige Kraft in der ehemaligen Gemeinde Littau. Die Abendzirkler treffen &hellip; <a href=\"https:\/\/abendzirkel.ch\/wp\/?page_id=875\">Weiterlesen <span class=\"meta-nav\">&rarr;<\/span><\/a><\/p>\n","protected":false},"author":3,"featured_media":0,"parent":0,"menu_order":0,"comment_status":"closed","ping_status":"closed","template":"","meta":{"_acf_changed":false,"footnotes":""},"class_list":["post-875","page","type-page","status-publish","hentry"],"acf":[],"_links":{"self":[{"href":"https:\/\/abendzirkel.ch\/wp\/index.php?rest_route=\/wp\/v2\/pages\/875","targetHints":{"allow":["GET"]}}],"collection":[{"href":"https:\/\/abendzirkel.ch\/wp\/index.php?rest_route=\/wp\/v2\/pages"}],"about":[{"href":"https:\/\/abendzirkel.ch\/wp\/index.php?rest_route=\/wp\/v2\/types\/page"}],"author":[{"embeddable":true,"href":"https:\/\/abendzirkel.ch\/wp\/index.php?rest_route=\/wp\/v2\/users\/3"}],"replies":[{"embeddable":true,"href":"https:\/\/abendzirkel.ch\/wp\/index.php?rest_route=%2Fwp%2Fv2%2Fcomments&post=875"}],"version-history":[{"count":5,"href":"https:\/\/abendzirkel.ch\/wp\/index.php?rest_route=\/wp\/v2\/pages\/875\/revisions"}],"predecessor-version":[{"id":2159,"href":"https:\/\/abendzirkel.ch\/wp\/index.php?rest_route=\/wp\/v2\/pages\/875\/revisions\/2159"}],"wp:attachment":[{"href":"https:\/\/abendzirkel.ch\/wp\/index.php?rest_route=%2Fwp%2Fv2%2Fmedia&parent=875"}],"curies":[{"name":"wp","href":"https:\/\/api.w.org\/{rel}","templated":true}]}}