{"id":198,"date":"2013-01-02T11:41:19","date_gmt":"2013-01-02T10:41:19","guid":{"rendered":"http:\/\/abendzirkel.ch\/wp\/?page_id=198"},"modified":"2019-01-25T11:32:21","modified_gmt":"2019-01-25T10:32:21","slug":"gallerie","status":"publish","type":"page","link":"https:\/\/abendzirkel.ch\/wp\/?page_id=198","title":{"rendered":"Galerie"},"content":{"rendered":"<p>In der Galerie findet man Bilder von Ausfl\u00fcgen und weiteren Anl\u00e4ssen oder Aktivit\u00e4ten des Abendzirkels.<\/p>\n<p>Die neuesten Bilder sind unter <a href=\"https:\/\/abendzirkel.ch\/wp\/?page_id=1479\">Ausflug 2018<\/a>.<\/p>\n","protected":false},"excerpt":{"rendered":"<p>In der Galerie findet man Bilder von Ausfl\u00fcgen und weiteren Anl\u00e4ssen oder Aktivit\u00e4ten des Abendzirkels. Die neuesten Bilder sind unter Ausflug 2018.<\/p>\n","protected":false},"author":1,"featured_media":0,"parent":0,"menu_order":0,"comment_status":"closed","ping_status":"closed","template":"","meta":{"_acf_changed":false,"footnotes":""},"class_list":["post-198","page","type-page","status-publish","hentry"],"acf":[],"_links":{"self":[{"href":"https:\/\/abendzirkel.ch\/wp\/index.php?rest_route=\/wp\/v2\/pages\/198","targetHints":{"allow":["GET"]}}],"collection":[{"href":"https:\/\/abendzirkel.ch\/wp\/index.php?rest_route=\/wp\/v2\/pages"}],"about":[{"href":"https:\/\/abendzirkel.ch\/wp\/index.php?rest_route=\/wp\/v2\/types\/page"}],"author":[{"embeddable":true,"href":"https:\/\/abendzirkel.ch\/wp\/index.php?rest_route=\/wp\/v2\/users\/1"}],"replies":[{"embeddable":true,"href":"https:\/\/abendzirkel.ch\/wp\/index.php?rest_route=%2Fwp%2Fv2%2Fcomments&post=198"}],"version-history":[{"count":14,"href":"https:\/\/abendzirkel.ch\/wp\/index.php?rest_route=\/wp\/v2\/pages\/198\/revisions"}],"predecessor-version":[{"id":1491,"href":"https:\/\/abendzirkel.ch\/wp\/index.php?rest_route=\/wp\/v2\/pages\/198\/revisions\/1491"}],"wp:attachment":[{"href":"https:\/\/abendzirkel.ch\/wp\/index.php?rest_route=%2Fwp%2Fv2%2Fmedia&parent=198"}],"curies":[{"name":"wp","href":"https:\/\/api.w.org\/{rel}","templated":true}]}}