{"id":1972,"date":"2022-12-28T15:00:28","date_gmt":"2022-12-28T14:00:28","guid":{"rendered":"http:\/\/abendzirkel.ch\/wp\/?page_id=1972"},"modified":"2022-12-28T15:00:29","modified_gmt":"2022-12-28T14:00:29","slug":"171-session-2023","status":"publish","type":"page","link":"https:\/\/abendzirkel.ch\/wp\/?page_id=1972","title":{"rendered":"171. Session 2023"},"content":{"rendered":"\n<div class=\"wp-block-image\"><figure class=\"aligncenter size-full\"><img loading=\"lazy\" decoding=\"async\" width=\"192\" height=\"308\" src=\"https:\/\/abendzirkel.ch\/wp\/wp-content\/uploads\/2022\/03\/Erwin-Mueller-klein.jpg\" alt=\"\" class=\"wp-image-1913\" srcset=\"https:\/\/abendzirkel.ch\/wp\/wp-content\/uploads\/2022\/03\/Erwin-Mueller-klein.jpg 192w, https:\/\/abendzirkel.ch\/wp\/wp-content\/uploads\/2022\/03\/Erwin-Mueller-klein-187x300.jpg 187w, https:\/\/abendzirkel.ch\/wp\/wp-content\/uploads\/2022\/03\/Erwin-Mueller-klein-150x240.jpg 150w\" sizes=\"auto, (max-width: 192px) 100vw, 192px\" \/><\/figure><\/div>\n\n\n\n<p>Liebe Abendzirkel Kameraden<\/p>\n\n\n\n<p>Gerne lade ich dich zur 171. Session des Abendzirkel Littau ein.<\/p>\n\n\n\n<p>Bei der Gestaltung der Sessionsabende habe ich Themen aus meinem beruflichen Umfeld, sowie auch aus meinem Hobby zusammengestellt.<\/p>\n\n\n\n<p>Gerne erinnere ich dich an den Artikel 2.2 unserer Statuten: Der Besuch der Sitzung ist Ehrensache.<\/p>\n\n\n\n<p>Ich w\u00fcnsche dir und deinen Angeh\u00f6rigen frohe Weihnachten, gem\u00fctliche Feiertage und einen guten Rutsch in ein gl\u00fcckliches, gesundes und zufriedenes Jahr.<\/p>\n\n\n\n<p>Ich freue mich, dich am 05. Januar 2023 im Gasthaus Ochsen begr\u00fcssen zu d\u00fcrfen.<\/p>\n\n\n\n<p>Herzliche Gr\u00fcsse<\/p>\n\n\n\n<p>Erwin M\u00fcller<\/p>\n\n\n\n<p>281. Pr\u00e4sident Abendzirkel Littau<\/p>\n","protected":false},"excerpt":{"rendered":"<p>Liebe Abendzirkel Kameraden Gerne lade ich dich zur 171. Session des Abendzirkel Littau ein. Bei der Gestaltung der Sessionsabende habe ich Themen aus meinem beruflichen Umfeld, sowie auch aus meinem Hobby zusammengestellt. Gerne erinnere ich dich an den Artikel 2.2 &hellip; <a href=\"https:\/\/abendzirkel.ch\/wp\/?page_id=1972\">Weiterlesen <span class=\"meta-nav\">&rarr;<\/span><\/a><\/p>\n","protected":false},"author":1,"featured_media":0,"parent":0,"menu_order":0,"comment_status":"closed","ping_status":"closed","template":"","meta":{"_acf_changed":false,"footnotes":""},"class_list":["post-1972","page","type-page","status-publish","hentry"],"acf":[],"_links":{"self":[{"href":"https:\/\/abendzirkel.ch\/wp\/index.php?rest_route=\/wp\/v2\/pages\/1972","targetHints":{"allow":["GET"]}}],"collection":[{"href":"https:\/\/abendzirkel.ch\/wp\/index.php?rest_route=\/wp\/v2\/pages"}],"about":[{"href":"https:\/\/abendzirkel.ch\/wp\/index.php?rest_route=\/wp\/v2\/types\/page"}],"author":[{"embeddable":true,"href":"https:\/\/abendzirkel.ch\/wp\/index.php?rest_route=\/wp\/v2\/users\/1"}],"replies":[{"embeddable":true,"href":"https:\/\/abendzirkel.ch\/wp\/index.php?rest_route=%2Fwp%2Fv2%2Fcomments&post=1972"}],"version-history":[{"count":2,"href":"https:\/\/abendzirkel.ch\/wp\/index.php?rest_route=\/wp\/v2\/pages\/1972\/revisions"}],"predecessor-version":[{"id":1974,"href":"https:\/\/abendzirkel.ch\/wp\/index.php?rest_route=\/wp\/v2\/pages\/1972\/revisions\/1974"}],"wp:attachment":[{"href":"https:\/\/abendzirkel.ch\/wp\/index.php?rest_route=%2Fwp%2Fv2%2Fmedia&parent=1972"}],"curies":[{"name":"wp","href":"https:\/\/api.w.org\/{rel}","templated":true}]}}