{"id":1824,"date":"2021-12-20T11:36:15","date_gmt":"2021-12-20T10:36:15","guid":{"rendered":"http:\/\/abendzirkel.ch\/wp\/?page_id=1824"},"modified":"2021-12-20T12:38:50","modified_gmt":"2021-12-20T11:38:50","slug":"170-session-2022","status":"publish","type":"page","link":"https:\/\/abendzirkel.ch\/wp\/?page_id=1824","title":{"rendered":"170. Session 2022"},"content":{"rendered":"\n<div class=\"wp-block-image\"><figure class=\"aligncenter size-full is-resized\"><img loading=\"lazy\" decoding=\"async\" src=\"https:\/\/abendzirkel.ch\/wp\/wp-content\/uploads\/2020\/09\/pr\u00e4sident-2021.png\" alt=\"\" class=\"wp-image-1753\" width=\"255\" height=\"281\"\/><\/figure><\/div>\n\n\n\n<p>Nach rund zwei j\u00e4hriger Pause freue ich mich sehr, dich zu den Sessions-Abenden der 170. Session des Abendzirkel Littau einladen zu d\u00fcrfen.<\/p>\n\n\n\n<p>Die jeweiligen Abende haben eine Verbindung zu den Themen &#8222;Genuss und Geselligkeit&#8220;. Es erwarten dich spannende und interessante Referate,<\/p>\n\n\n\n<p>sowie immer wieder kleine \u00dcberraschungen.<\/p>\n\n\n\n<p>Ich mache dich darauf aufmerksam, dass der Besuch der Abende unter den aktuellen Corona Weisungen <strong>der 2G Regeln <\/strong>(Geimpft, genesen) steht. Vorbeh\u00e4ltlich kurzfristige nationale Einschr\u00e4nkungen.<\/p>\n\n\n\n<p>Am Saaleingang werden diese Regeln \u00fcberpr\u00fcft. Damit die Kontrolle speditiv verl\u00e4uft, bitte ich dich, die entsprechenden Dokumente inklusive ID bereit zu halten.<\/p>\n\n\n\n<p>Bruno Imfeld<br>280. Pr\u00e4sident Abendzirkel Littau<\/p>\n","protected":false},"excerpt":{"rendered":"<p>Nach rund zwei j\u00e4hriger Pause freue ich mich sehr, dich zu den Sessions-Abenden der 170. Session des Abendzirkel Littau einladen zu d\u00fcrfen. Die jeweiligen Abende haben eine Verbindung zu den Themen &#8222;Genuss und Geselligkeit&#8220;. Es erwarten dich spannende und interessante &hellip; <a href=\"https:\/\/abendzirkel.ch\/wp\/?page_id=1824\">Weiterlesen <span class=\"meta-nav\">&rarr;<\/span><\/a><\/p>\n","protected":false},"author":1,"featured_media":0,"parent":0,"menu_order":0,"comment_status":"closed","ping_status":"closed","template":"","meta":{"_acf_changed":false,"footnotes":""},"class_list":["post-1824","page","type-page","status-publish","hentry"],"acf":[],"_links":{"self":[{"href":"https:\/\/abendzirkel.ch\/wp\/index.php?rest_route=\/wp\/v2\/pages\/1824","targetHints":{"allow":["GET"]}}],"collection":[{"href":"https:\/\/abendzirkel.ch\/wp\/index.php?rest_route=\/wp\/v2\/pages"}],"about":[{"href":"https:\/\/abendzirkel.ch\/wp\/index.php?rest_route=\/wp\/v2\/types\/page"}],"author":[{"embeddable":true,"href":"https:\/\/abendzirkel.ch\/wp\/index.php?rest_route=\/wp\/v2\/users\/1"}],"replies":[{"embeddable":true,"href":"https:\/\/abendzirkel.ch\/wp\/index.php?rest_route=%2Fwp%2Fv2%2Fcomments&post=1824"}],"version-history":[{"count":2,"href":"https:\/\/abendzirkel.ch\/wp\/index.php?rest_route=\/wp\/v2\/pages\/1824\/revisions"}],"predecessor-version":[{"id":1827,"href":"https:\/\/abendzirkel.ch\/wp\/index.php?rest_route=\/wp\/v2\/pages\/1824\/revisions\/1827"}],"wp:attachment":[{"href":"https:\/\/abendzirkel.ch\/wp\/index.php?rest_route=%2Fwp%2Fv2%2Fmedia&parent=1824"}],"curies":[{"name":"wp","href":"https:\/\/api.w.org\/{rel}","templated":true}]}}