{"id":1669,"date":"2019-12-09T18:05:16","date_gmt":"2019-12-09T17:05:16","guid":{"rendered":"http:\/\/abendzirkel.ch\/wp\/?page_id=1669"},"modified":"2019-12-09T18:06:51","modified_gmt":"2019-12-09T17:06:51","slug":"168-session-2020","status":"publish","type":"page","link":"https:\/\/abendzirkel.ch\/wp\/?page_id=1669","title":{"rendered":"168. Session 2020"},"content":{"rendered":"\n<figure class=\"wp-block-image is-resized\"><img loading=\"lazy\" decoding=\"async\" src=\"https:\/\/abendzirkel.ch\/wp\/wp-content\/uploads\/2019\/04\/Remo-Capra_Pr.jpeg\" alt=\"\" class=\"wp-image-1539\" width=\"320\" height=\"480\" srcset=\"https:\/\/abendzirkel.ch\/wp\/wp-content\/uploads\/2019\/04\/Remo-Capra_Pr.jpeg 427w, https:\/\/abendzirkel.ch\/wp\/wp-content\/uploads\/2019\/04\/Remo-Capra_Pr-200x300.jpeg 200w, https:\/\/abendzirkel.ch\/wp\/wp-content\/uploads\/2019\/04\/Remo-Capra_Pr-160x240.jpeg 160w\" sizes=\"auto, (max-width: 320px) 100vw, 320px\" \/><\/figure>\n\n\n\n<p>Die Themenwahl meiner Sessionsabende sind von meinem beruflichen sowie privaten Beziehungsfeld beeinflusst. <br>Dass bei mir das Thema Musik zum Tragen kommt liegt auf der Hand.<br>Um euch ein abwechslungsreiches und interessantes Programm bieten zu k\u00f6nnen, habe ich verschiedene Facetten der Musikbranche einfliessen lassen: Vom live Konzert \u00fcber den wirtschaftlichen Bereich der Musikindustrie, von der Milit\u00e4rmusik bis zum kreativen und getriebenen K\u00fcnstler und Dirigenten.<br>Auch die Politik zur traditionellen Er\u00f6ffnung unserer Session im Ochsen und ein pers\u00f6nliches Steckenpferd namens Brauerei Luzern tragen zur Vielfalt der Themen bei. <\/p>\n\n\n\n<p>Remo Capra<br>278. Pr\u00e4sident Abendzirkel Littau<\/p>\n","protected":false},"excerpt":{"rendered":"<p>Die Themenwahl meiner Sessionsabende sind von meinem beruflichen sowie privaten Beziehungsfeld beeinflusst. Dass bei mir das Thema Musik zum Tragen kommt liegt auf der Hand.Um euch ein abwechslungsreiches und interessantes Programm bieten zu k\u00f6nnen, habe ich verschiedene Facetten der Musikbranche &hellip; <a href=\"https:\/\/abendzirkel.ch\/wp\/?page_id=1669\">Weiterlesen <span class=\"meta-nav\">&rarr;<\/span><\/a><\/p>\n","protected":false},"author":1,"featured_media":0,"parent":0,"menu_order":0,"comment_status":"closed","ping_status":"closed","template":"","meta":{"_acf_changed":false,"footnotes":""},"class_list":["post-1669","page","type-page","status-publish","hentry"],"acf":[],"_links":{"self":[{"href":"https:\/\/abendzirkel.ch\/wp\/index.php?rest_route=\/wp\/v2\/pages\/1669","targetHints":{"allow":["GET"]}}],"collection":[{"href":"https:\/\/abendzirkel.ch\/wp\/index.php?rest_route=\/wp\/v2\/pages"}],"about":[{"href":"https:\/\/abendzirkel.ch\/wp\/index.php?rest_route=\/wp\/v2\/types\/page"}],"author":[{"embeddable":true,"href":"https:\/\/abendzirkel.ch\/wp\/index.php?rest_route=\/wp\/v2\/users\/1"}],"replies":[{"embeddable":true,"href":"https:\/\/abendzirkel.ch\/wp\/index.php?rest_route=%2Fwp%2Fv2%2Fcomments&post=1669"}],"version-history":[{"count":3,"href":"https:\/\/abendzirkel.ch\/wp\/index.php?rest_route=\/wp\/v2\/pages\/1669\/revisions"}],"predecessor-version":[{"id":1672,"href":"https:\/\/abendzirkel.ch\/wp\/index.php?rest_route=\/wp\/v2\/pages\/1669\/revisions\/1672"}],"wp:attachment":[{"href":"https:\/\/abendzirkel.ch\/wp\/index.php?rest_route=%2Fwp%2Fv2%2Fmedia&parent=1669"}],"curies":[{"name":"wp","href":"https:\/\/api.w.org\/{rel}","templated":true}]}}