{"id":1453,"date":"2019-01-07T11:41:00","date_gmt":"2019-01-07T10:41:00","guid":{"rendered":"http:\/\/abendzirkel.ch\/wp\/?page_id=1453"},"modified":"2019-01-07T11:44:26","modified_gmt":"2019-01-07T10:44:26","slug":"praesident-2017-2018-2","status":"publish","type":"page","link":"https:\/\/abendzirkel.ch\/wp\/?page_id=1453","title":{"rendered":"Pr\u00e4sident 2017-2018"},"content":{"rendered":"<h1>Herr Franz R\u00f6\u00f6sli<\/h1>\n<p><a href=\"https:\/\/abendzirkel.ch\/wp\/wp-content\/uploads\/2015\/12\/P2160832.jpg\"><img loading=\"lazy\" decoding=\"async\" class=\"alignnone size-medium wp-image-1124\" src=\"https:\/\/abendzirkel.ch\/wp\/wp-content\/uploads\/2015\/12\/P2160832-300x225.jpg\" alt=\"\" width=\"300\" height=\"225\" srcset=\"https:\/\/abendzirkel.ch\/wp\/wp-content\/uploads\/2015\/12\/P2160832-300x225.jpg 300w, https:\/\/abendzirkel.ch\/wp\/wp-content\/uploads\/2015\/12\/P2160832-320x240.jpg 320w, https:\/\/abendzirkel.ch\/wp\/wp-content\/uploads\/2015\/12\/P2160832-400x300.jpg 400w, https:\/\/abendzirkel.ch\/wp\/wp-content\/uploads\/2015\/12\/P2160832.jpg 640w\" sizes=\"auto, (max-width: 300px) 100vw, 300px\" \/><\/a><\/p>\n<p>pr\u00e4sidiert die 166. Session (2017\/2018). Er ist der 276. Pr\u00e4sident des Abendzirkels<\/p>\n","protected":false},"excerpt":{"rendered":"<p>Herr Franz R\u00f6\u00f6sli pr\u00e4sidiert die 166. Session (2017\/2018). Er ist der 276. Pr\u00e4sident des Abendzirkels<\/p>\n","protected":false},"author":1,"featured_media":0,"parent":0,"menu_order":0,"comment_status":"closed","ping_status":"closed","template":"","meta":{"_acf_changed":false,"footnotes":""},"class_list":["post-1453","page","type-page","status-publish","hentry"],"acf":[],"_links":{"self":[{"href":"https:\/\/abendzirkel.ch\/wp\/index.php?rest_route=\/wp\/v2\/pages\/1453","targetHints":{"allow":["GET"]}}],"collection":[{"href":"https:\/\/abendzirkel.ch\/wp\/index.php?rest_route=\/wp\/v2\/pages"}],"about":[{"href":"https:\/\/abendzirkel.ch\/wp\/index.php?rest_route=\/wp\/v2\/types\/page"}],"author":[{"embeddable":true,"href":"https:\/\/abendzirkel.ch\/wp\/index.php?rest_route=\/wp\/v2\/users\/1"}],"replies":[{"embeddable":true,"href":"https:\/\/abendzirkel.ch\/wp\/index.php?rest_route=%2Fwp%2Fv2%2Fcomments&post=1453"}],"version-history":[{"count":3,"href":"https:\/\/abendzirkel.ch\/wp\/index.php?rest_route=\/wp\/v2\/pages\/1453\/revisions"}],"predecessor-version":[{"id":1457,"href":"https:\/\/abendzirkel.ch\/wp\/index.php?rest_route=\/wp\/v2\/pages\/1453\/revisions\/1457"}],"wp:attachment":[{"href":"https:\/\/abendzirkel.ch\/wp\/index.php?rest_route=%2Fwp%2Fv2%2Fmedia&parent=1453"}],"curies":[{"name":"wp","href":"https:\/\/api.w.org\/{rel}","templated":true}]}}