{"id":1420,"date":"2018-12-26T12:03:30","date_gmt":"2018-12-26T11:03:30","guid":{"rendered":"http:\/\/abendzirkel.ch\/wp\/?page_id=1420"},"modified":"2018-12-26T12:05:17","modified_gmt":"2018-12-26T11:05:17","slug":"167-session-2019","status":"publish","type":"page","link":"https:\/\/abendzirkel.ch\/wp\/?page_id=1420","title":{"rendered":"167. Session 2019"},"content":{"rendered":"<p>Am 3. Januar 2019 20:00 Uhr beginnt die 167. Abendzirkelsession im Restaurant Ochsen Littau. Die Session wird vom 277. Pr\u00e4sident\u00a0Andr\u00e9 Chevalley geleitet.<\/p>\n<p><a href=\"https:\/\/abendzirkel.ch\/wp\/wp-content\/uploads\/2018\/12\/A_Chevalley.jpg\"><img loading=\"lazy\" decoding=\"async\" class=\"alignnone wp-image-1408 size-medium\" src=\"https:\/\/abendzirkel.ch\/wp\/wp-content\/uploads\/2018\/12\/A_Chevalley-300x216.jpg\" alt=\"\" width=\"300\" height=\"216\" srcset=\"https:\/\/abendzirkel.ch\/wp\/wp-content\/uploads\/2018\/12\/A_Chevalley-300x216.jpg 300w, https:\/\/abendzirkel.ch\/wp\/wp-content\/uploads\/2018\/12\/A_Chevalley-334x240.jpg 334w, https:\/\/abendzirkel.ch\/wp\/wp-content\/uploads\/2018\/12\/A_Chevalley.jpg 417w\" sizes=\"auto, (max-width: 300px) 100vw, 300px\" \/><\/a><\/p>\n<p>Das Sessionsprogramm steht unter dem Motto: Ein bunter Themenstrauss aus Politik, Wirtschaft, Kultur, Sport und Diversem. Die Referate werden Einblick in Bekanntes aber auch Neues geben und anschliessend hoffentlich zu angeregten Diskussionen f\u00fchren. Ich bin \u00fcberzeugt, dass f\u00fcr jeden von Euch etwas dabei ist und freue mich heute schon auf eine rege Teilnahme. Ich habe mir zum Ziel gesetzt, an einem Abend 100 Abendzirkler begr\u00fcssen zu d\u00fcrfen. Sollte mir das gelingen, so werde ich an der Generalversammlung vom 21. Februar 2019 ein Dessert offerieren.<\/p>\n","protected":false},"excerpt":{"rendered":"<p>Am 3. Januar 2019 20:00 Uhr beginnt die 167. Abendzirkelsession im Restaurant Ochsen Littau. Die Session wird vom 277. Pr\u00e4sident\u00a0Andr\u00e9 Chevalley geleitet. Das Sessionsprogramm steht unter dem Motto: Ein bunter Themenstrauss aus Politik, Wirtschaft, Kultur, Sport und Diversem. Die Referate &hellip; <a href=\"https:\/\/abendzirkel.ch\/wp\/?page_id=1420\">Weiterlesen <span class=\"meta-nav\">&rarr;<\/span><\/a><\/p>\n","protected":false},"author":1,"featured_media":0,"parent":0,"menu_order":0,"comment_status":"closed","ping_status":"closed","template":"","meta":{"_acf_changed":false,"footnotes":""},"class_list":["post-1420","page","type-page","status-publish","hentry"],"acf":[],"_links":{"self":[{"href":"https:\/\/abendzirkel.ch\/wp\/index.php?rest_route=\/wp\/v2\/pages\/1420","targetHints":{"allow":["GET"]}}],"collection":[{"href":"https:\/\/abendzirkel.ch\/wp\/index.php?rest_route=\/wp\/v2\/pages"}],"about":[{"href":"https:\/\/abendzirkel.ch\/wp\/index.php?rest_route=\/wp\/v2\/types\/page"}],"author":[{"embeddable":true,"href":"https:\/\/abendzirkel.ch\/wp\/index.php?rest_route=\/wp\/v2\/users\/1"}],"replies":[{"embeddable":true,"href":"https:\/\/abendzirkel.ch\/wp\/index.php?rest_route=%2Fwp%2Fv2%2Fcomments&post=1420"}],"version-history":[{"count":2,"href":"https:\/\/abendzirkel.ch\/wp\/index.php?rest_route=\/wp\/v2\/pages\/1420\/revisions"}],"predecessor-version":[{"id":1422,"href":"https:\/\/abendzirkel.ch\/wp\/index.php?rest_route=\/wp\/v2\/pages\/1420\/revisions\/1422"}],"wp:attachment":[{"href":"https:\/\/abendzirkel.ch\/wp\/index.php?rest_route=%2Fwp%2Fv2%2Fmedia&parent=1420"}],"curies":[{"name":"wp","href":"https:\/\/api.w.org\/{rel}","templated":true}]}}