{"id":1258,"date":"2017-12-21T09:28:56","date_gmt":"2017-12-21T08:28:56","guid":{"rendered":"http:\/\/abendzirkel.ch\/wp\/?page_id=1258"},"modified":"2017-12-21T13:13:48","modified_gmt":"2017-12-21T12:13:48","slug":"166-session-2018","status":"publish","type":"page","link":"https:\/\/abendzirkel.ch\/wp\/?page_id=1258","title":{"rendered":"166. Session 2018"},"content":{"rendered":"<p>Am 4. Januar 2018 20:00 Uhr beginnt die 166. Abendzirkelsession im Restaurant Ochsen Littau. Die Session wird vom 276. Pr\u00e4sident Franz R\u00f6\u00f6sli\u00a0geleitet.<\/p>\n<p><img loading=\"lazy\" decoding=\"async\" class=\"alignnone size-medium wp-image-1124\" src=\"https:\/\/abendzirkel.ch\/wp\/wp-content\/uploads\/2015\/12\/P2160832-300x225.jpg\" alt=\"\" width=\"300\" height=\"225\" srcset=\"https:\/\/abendzirkel.ch\/wp\/wp-content\/uploads\/2015\/12\/P2160832-300x225.jpg 300w, https:\/\/abendzirkel.ch\/wp\/wp-content\/uploads\/2015\/12\/P2160832-320x240.jpg 320w, https:\/\/abendzirkel.ch\/wp\/wp-content\/uploads\/2015\/12\/P2160832-400x300.jpg 400w, https:\/\/abendzirkel.ch\/wp\/wp-content\/uploads\/2015\/12\/P2160832.jpg 640w\" sizes=\"auto, (max-width: 300px) 100vw, 300px\" \/><\/p>\n<p>&nbsp;<\/p>\n<p>Ich freue mich auf Euer Interesse und anschliessende rege Diskussionen.<\/p>\n<p>Der\u00a0276.\u00a0Pr\u00e4sident<br \/>\nFranz R\u00f6\u00f6sli<\/p>\n","protected":false},"excerpt":{"rendered":"<p>Am 4. Januar 2018 20:00 Uhr beginnt die 166. Abendzirkelsession im Restaurant Ochsen Littau. Die Session wird vom 276. Pr\u00e4sident Franz R\u00f6\u00f6sli\u00a0geleitet. &nbsp; Ich freue mich auf Euer Interesse und anschliessende rege Diskussionen. Der\u00a0276.\u00a0Pr\u00e4sident Franz R\u00f6\u00f6sli<\/p>\n","protected":false},"author":1,"featured_media":0,"parent":0,"menu_order":0,"comment_status":"closed","ping_status":"closed","template":"","meta":{"_acf_changed":false,"footnotes":""},"class_list":["post-1258","page","type-page","status-publish","hentry"],"acf":[],"_links":{"self":[{"href":"https:\/\/abendzirkel.ch\/wp\/index.php?rest_route=\/wp\/v2\/pages\/1258","targetHints":{"allow":["GET"]}}],"collection":[{"href":"https:\/\/abendzirkel.ch\/wp\/index.php?rest_route=\/wp\/v2\/pages"}],"about":[{"href":"https:\/\/abendzirkel.ch\/wp\/index.php?rest_route=\/wp\/v2\/types\/page"}],"author":[{"embeddable":true,"href":"https:\/\/abendzirkel.ch\/wp\/index.php?rest_route=\/wp\/v2\/users\/1"}],"replies":[{"embeddable":true,"href":"https:\/\/abendzirkel.ch\/wp\/index.php?rest_route=%2Fwp%2Fv2%2Fcomments&post=1258"}],"version-history":[{"count":2,"href":"https:\/\/abendzirkel.ch\/wp\/index.php?rest_route=\/wp\/v2\/pages\/1258\/revisions"}],"predecessor-version":[{"id":1262,"href":"https:\/\/abendzirkel.ch\/wp\/index.php?rest_route=\/wp\/v2\/pages\/1258\/revisions\/1262"}],"wp:attachment":[{"href":"https:\/\/abendzirkel.ch\/wp\/index.php?rest_route=%2Fwp%2Fv2%2Fmedia&parent=1258"}],"curies":[{"name":"wp","href":"https:\/\/api.w.org\/{rel}","templated":true}]}}