{"id":1007,"date":"2016-10-18T09:29:08","date_gmt":"2016-10-18T08:29:08","guid":{"rendered":"http:\/\/abendzirkel.ch\/wp\/?page_id=1007"},"modified":"2017-04-29T09:51:32","modified_gmt":"2017-04-29T08:51:32","slug":"weihnachtsbeleuchtung-littau","status":"publish","type":"page","link":"https:\/\/abendzirkel.ch\/wp\/?page_id=1007","title":{"rendered":"Weihnachtsbeleuchtung Littau"},"content":{"rendered":"<div>\n<h1 style=\"text-align: justify;\">\u00abEine Frage der Ehre\u00bb<\/h1>\n<p style=\"text-align: justify;\">Vor 100 Jahren stellte der Abendzirkel an das Elektrizit\u00e4tswerk Luzern die Anfrage zur Erstellung einer \u00f6ffentlichen Strassenbeleuchtung f\u00fcr die \u00abDorfstrasse\u00bb vom Gasshof zum K\u00fcferh\u00fcsli.<br \/>\nIm Jahr 2002 ergriff wieder der Abendzirkel die Initiative. Zum 150 Jahr Jubil\u00e4um wollte man unter der Leitung von Beat Krieger die Idee einer Weihnachtsbeleuchtung im Dorfteil Littau als Geschenk an die Bev\u00f6lkerung von Littau umsetzen.<\/p>\n<div style=\"text-align: justify;\">Es wurde ein Motiv gew\u00e4hlt, das von Herzen kommen soll und Weihnachten signalisiert. Die beiden Schweife stellen zwei halbe Herzen dar (nicht halbherzig, sondern ein ganzes Herz) und der Stern symbolisiert Weihnachten.<\/div>\n<div style=\"text-align: justify;\">F\u00fcr eine Weihnachtsbeleuchtung mussten viele Abkl\u00e4rungen getroffen werden wie: einholen des Einverst\u00e4ndnisses des Gemeinderates um die \u00f6ffentlichen Beleuchtungs-Kandelaber zu ben\u00fctzen, die Kandelaber f\u00fcr die Montage der Steckdosen waren zu bestimmen, R\u00e4umlichkeiten wurden gesucht, um die Sterne \u00fcber das Jahr einzulagern, Abkl\u00e4rung Stromkosten\u00fcbernahme, \u00dcbernahme des Transportes, wer kann f\u00fcr die Montage und Demontage eingesetzt werden und vieles mehr.<\/div>\n<div style=\"text-align: justify;\"><\/div>\n<div style=\"text-align: justify;\">\n<p>Nach vielen Sitzungen des Projektteams \u00abWeihnachtsbeleuchtung in Littau\u00bb konnten 27 Sterne angeschafft und in der Adventszeit 2002 montiert werden. Dies war m\u00f6glich dank positiv eingestelltem Gemeinderat und grossz\u00fcgigen Sponsoren.<\/p>\n<p>Durch die unz\u00e4hligen positiven R\u00fcckmeldungen der ersten Weihnachtbeleuchtung ging die Suche nach weiteren Sponsoren und Donatoren f\u00fcr die Adventszeit 2003 weiter, und es konnten wieder 13 Sterne gekauft und montiert werden.<\/p>\n<p>Die Freude an den Sternen war so gross, dass 2004 weitere 15 Sterne, 2005 wieder 20 Sterne und 2006 nochmals 25 Sterne folgten.<\/p>\n<p>So konnte vor 10 Jahren der 100. Weihnachtsstern beim 100-j\u00e4hrigen Gasthof Bahnhof montiert werden.<\/p>\n<p>2008 wurden weitere 10 Sterne angeschafft, und als Abschluss dieser Erfolgsgeschichte wurde 2009 als 111. Stern eine Eigenkreation geschaffen, welcher nach der Fusion die damalige Grenze zu Luzern signalisiert.<\/p>\n<p>Heute leuchten die Sterne von der Bern\/Luzerner- bis zur Rengg-Strasse und von der Cheer- zur Gasshof-Strasse, sowie von der Gruben- bis zur Ritterstrasse.<\/p>\n<p>2016, also 15 Jahre nach der Idee und dem Start der Weihnachtsbeleuchtung in Littau, wurden nochmals drei Sterne gesponsert. Einer davon wird mit einem kleinen Zusatz-Symbol ausgestattet sein.<\/p>\n<p>Da der Abendzirkel jedes Jahr einen neuen Pr\u00e4sidenten w\u00e4hlt, wird dieser sogenannte \u00abPr\u00e4sidenten-Stern\u00bb jedes Jahr in einem anderen Garten oder Balkon beim jeweiligen Pr\u00e4sidenten leuchten<\/p>\n<p>Da auch die Technik vor unseren Sternen nicht aufzuhalten war, wurden 2012 die Gl\u00fchlampen-Lichterschl\u00e4uche gegen LED-Lichterschl\u00e4uche ersetzt. Zwei Gr\u00fcnde waren daf\u00fcr ausschlaggebend, einerseits konnten die j\u00e4hrlichen Stromkosten von ca. Fr. 2400.- auf ca. Fr. 500.- gesenkt werden und andererseits wird die Lebensdauer mit LED L\u00e4mpchen stark verl\u00e4ngert<\/p>\n<p>F\u00fcr alle 114 Sterne wurden ca. 1050m weisse und ca. 450m gelbe LED-Lichterschl\u00e4uche verbaut. Aneinander gereiht w\u00fcrde dies von der Luzernerstrasse 1 bis zur Luzernerstrasse 150 reichen<\/p>\n<p>In den ersten zwei Jahren nach umr\u00fcsten auf LED tauchten aber technische Probleme auf, welche zuerst analysiert und mit geeigneten Hilfsmitteln behoben werden mussten, was nochmals einige Kosten verursachte.<br \/>\nDas bedeutet aber nicht, dass die Mitglieder der Projektgruppe Weihnachtsbeleuchtung in Zukunft unt\u00e4tig sein k\u00f6nnen. Es sind jedes Jahr weiterhin Sterne zu reparieren, auf die Betriebssicherheit zu pr\u00fcfen, zu reinigen und einzulagern.<\/p>\n<p>Es gibt Mitglieder des Abendzirkel, welche auch 15 Jahre nach dem Start der Weihnachtsbeleuchtung in der Projektgruppe immer noch tatkr\u00e4ftig mithelfen.<br \/>\nHeute k\u00fcmmern sich ca. 35 Abendzirkler mit Freude und Engagement darum, dass die Weihnachtsbeleuchtung jedes Jahr in neuem Glanz erstrahlt und die Adventszeit in eine weihn\u00e4chtliche Stimmung versetzt.<\/p>\n<p>Nach der Montage und Demontage der Sterne werden jeweils die Helfer in den R\u00e4umlichkeiten von einem der Abendzirkelmitglieder k\u00f6stlich verpflegt. Ereignisse und Anekdoten aus vergangenen Zeiten werden zum Besten gegeben.<\/p>\n<p>Die gesamten investierten Kosten belaufen sich bis heute auf ca. Fr. 180`000.- ohne die vielen hundert Arbeitsstunden der Mitglieder des Abendzirkels eingerechnet und ohne die damalige Gemeinde Littau resp. heute die Stadt Luzern finanziell zu belasten.<\/p>\n<p>Einen herzlichen Dank geh\u00f6rt deshalb allen Sponsoren, Donatoren und Helfern, welche sich bis heute an der Weihnachtsbeleuchtung finanziell beteiligt haben und auch in Zukunft sich auf irgend eine Art und Weise beteiligen werden, damit das Bestehen der Littauer Weihnachtsbeleuchtung noch auf viele Jahre gesichert ist.<\/p>\n<p><span style=\"color: #000000;\"><a href=\"https:\/\/abendzirkel.ch\/wp\/wp-content\/uploads\/2016\/10\/weihnachtsbeleuchtung_1.jpg\"><img loading=\"lazy\" decoding=\"async\" class=\"alignnone wp-image-1012 size-medium\" src=\"https:\/\/abendzirkel.ch\/wp\/wp-content\/uploads\/2016\/10\/weihnachtsbeleuchtung_1-300x225.jpg\" alt=\"weihnachtsbeleuchtung_1\" width=\"300\" height=\"225\" srcset=\"https:\/\/abendzirkel.ch\/wp\/wp-content\/uploads\/2016\/10\/weihnachtsbeleuchtung_1-300x225.jpg 300w, https:\/\/abendzirkel.ch\/wp\/wp-content\/uploads\/2016\/10\/weihnachtsbeleuchtung_1-320x240.jpg 320w, https:\/\/abendzirkel.ch\/wp\/wp-content\/uploads\/2016\/10\/weihnachtsbeleuchtung_1-400x300.jpg 400w, https:\/\/abendzirkel.ch\/wp\/wp-content\/uploads\/2016\/10\/weihnachtsbeleuchtung_1.jpg 599w\" sizes=\"auto, (max-width: 300px) 100vw, 300px\" \/><\/a><br \/>\nErste\u00a0 weihn\u00e4chtliche \u00a0Sternenbogen \u00a02002<\/span><\/p>\n<p><span style=\"color: #000000; font-family: Times New Roman; font-size: medium;\"><a href=\"https:\/\/abendzirkel.ch\/wp\/wp-content\/uploads\/2016\/10\/weihnachtsbeleuchtung_2.jpg\"><img loading=\"lazy\" decoding=\"async\" class=\"alignnone wp-image-1013 size-medium\" src=\"https:\/\/abendzirkel.ch\/wp\/wp-content\/uploads\/2016\/10\/weihnachtsbeleuchtung_2-300x225.jpg\" alt=\"weihnachtsbeleuchtung_2\" width=\"300\" height=\"225\" srcset=\"https:\/\/abendzirkel.ch\/wp\/wp-content\/uploads\/2016\/10\/weihnachtsbeleuchtung_2-300x225.jpg 300w, https:\/\/abendzirkel.ch\/wp\/wp-content\/uploads\/2016\/10\/weihnachtsbeleuchtung_2-321x240.jpg 321w, https:\/\/abendzirkel.ch\/wp\/wp-content\/uploads\/2016\/10\/weihnachtsbeleuchtung_2-401x300.jpg 401w, https:\/\/abendzirkel.ch\/wp\/wp-content\/uploads\/2016\/10\/weihnachtsbeleuchtung_2.jpg 597w\" sizes=\"auto, (max-width: 300px) 100vw, 300px\" \/><\/a><br \/>\n<span lang=\"DE-CH\"><span style=\"color: #000000; font-family: Calibri; font-size: medium;\">\u00abWeisse\u00bb Weihnachten 2006, Luzernerstrasse <\/span><\/span><\/span><\/p>\n<p><span style=\"color: #000000; font-family: Times New Roman; font-size: medium;\"><a href=\"https:\/\/abendzirkel.ch\/wp\/wp-content\/uploads\/2016\/10\/weihnachtsbeleuchtung_3.jpg\"><img loading=\"lazy\" decoding=\"async\" class=\"alignnone wp-image-1014 size-medium\" src=\"https:\/\/abendzirkel.ch\/wp\/wp-content\/uploads\/2016\/10\/weihnachtsbeleuchtung_3-300x225.jpg\" alt=\"weihnachtsbeleuchtung_3\" width=\"300\" height=\"225\" srcset=\"https:\/\/abendzirkel.ch\/wp\/wp-content\/uploads\/2016\/10\/weihnachtsbeleuchtung_3-300x225.jpg 300w, https:\/\/abendzirkel.ch\/wp\/wp-content\/uploads\/2016\/10\/weihnachtsbeleuchtung_3-320x240.jpg 320w, https:\/\/abendzirkel.ch\/wp\/wp-content\/uploads\/2016\/10\/weihnachtsbeleuchtung_3-400x300.jpg 400w, https:\/\/abendzirkel.ch\/wp\/wp-content\/uploads\/2016\/10\/weihnachtsbeleuchtung_3.jpg 593w\" sizes=\"auto, (max-width: 300px) 100vw, 300px\" \/><\/a><br \/>\n<span lang=\"DE-CH\"><span style=\"color: #000000; font-family: Calibri; font-size: medium;\">Verdiente Arbeits-Pause im \u00abSternenlager\u00bb<\/span><\/span><\/span><\/p>\n<p><a href=\"https:\/\/abendzirkel.ch\/wp\/wp-content\/uploads\/2016\/10\/weihnachtsbeleuchtung_4.jpg\"><img loading=\"lazy\" decoding=\"async\" class=\"alignnone wp-image-1015 size-medium\" src=\"https:\/\/abendzirkel.ch\/wp\/wp-content\/uploads\/2016\/10\/weihnachtsbeleuchtung_4-300x225.jpg\" alt=\"weihnachtsbeleuchtung_4\" width=\"300\" height=\"225\" srcset=\"https:\/\/abendzirkel.ch\/wp\/wp-content\/uploads\/2016\/10\/weihnachtsbeleuchtung_4-300x225.jpg 300w, https:\/\/abendzirkel.ch\/wp\/wp-content\/uploads\/2016\/10\/weihnachtsbeleuchtung_4-320x240.jpg 320w, https:\/\/abendzirkel.ch\/wp\/wp-content\/uploads\/2016\/10\/weihnachtsbeleuchtung_4-400x300.jpg 400w, https:\/\/abendzirkel.ch\/wp\/wp-content\/uploads\/2016\/10\/weihnachtsbeleuchtung_4.jpg 587w\" sizes=\"auto, (max-width: 300px) 100vw, 300px\" \/><\/a><br \/>\n<span lang=\"DE-CH\"><span style=\"color: #000000; font-family: Calibri; font-size: medium;\">Der 111. \u00abLittau-Luzern-Grenz-Fusion-Stern\u00bb<\/span><\/span><\/p>\n<p><a href=\"https:\/\/abendzirkel.ch\/wp\/wp-content\/uploads\/2016\/10\/weihnachtsbeleuchtung_5.jpg\"><img loading=\"lazy\" decoding=\"async\" class=\"alignnone wp-image-1016 size-medium\" src=\"https:\/\/abendzirkel.ch\/wp\/wp-content\/uploads\/2016\/10\/weihnachtsbeleuchtung_5-300x225.jpg\" alt=\"weihnachtsbeleuchtung_5\" width=\"300\" height=\"225\" srcset=\"https:\/\/abendzirkel.ch\/wp\/wp-content\/uploads\/2016\/10\/weihnachtsbeleuchtung_5-300x225.jpg 300w, https:\/\/abendzirkel.ch\/wp\/wp-content\/uploads\/2016\/10\/weihnachtsbeleuchtung_5-320x240.jpg 320w, https:\/\/abendzirkel.ch\/wp\/wp-content\/uploads\/2016\/10\/weihnachtsbeleuchtung_5-400x300.jpg 400w, https:\/\/abendzirkel.ch\/wp\/wp-content\/uploads\/2016\/10\/weihnachtsbeleuchtung_5.jpg 602w\" sizes=\"auto, (max-width: 300px) 100vw, 300px\" \/><\/a><br \/>\nVerpflegung nach getaner Arbeit mit Redner Beat<\/p>\n<p><a href=\"https:\/\/abendzirkel.ch\/wp\/wp-content\/uploads\/2016\/10\/weihnachtsbeleuchtung_6.jpg\"><img loading=\"lazy\" decoding=\"async\" class=\"alignnone wp-image-1017 size-medium\" src=\"https:\/\/abendzirkel.ch\/wp\/wp-content\/uploads\/2016\/10\/weihnachtsbeleuchtung_6-300x225.jpg\" alt=\"weihnachtsbeleuchtung_6\" width=\"300\" height=\"225\" srcset=\"https:\/\/abendzirkel.ch\/wp\/wp-content\/uploads\/2016\/10\/weihnachtsbeleuchtung_6-300x225.jpg 300w, https:\/\/abendzirkel.ch\/wp\/wp-content\/uploads\/2016\/10\/weihnachtsbeleuchtung_6-320x240.jpg 320w, https:\/\/abendzirkel.ch\/wp\/wp-content\/uploads\/2016\/10\/weihnachtsbeleuchtung_6-400x300.jpg 400w, https:\/\/abendzirkel.ch\/wp\/wp-content\/uploads\/2016\/10\/weihnachtsbeleuchtung_6.jpg 603w\" sizes=\"auto, (max-width: 300px) 100vw, 300px\" \/><\/a><br \/>\n<span style=\"color: #000000; font-family: Calibri; font-size: medium;\">Montage an der Cheerstrasse<\/span><\/p>\n<\/div>\n<\/div>\n","protected":false},"excerpt":{"rendered":"<p>\u00abEine Frage der Ehre\u00bb Vor 100 Jahren stellte der Abendzirkel an das Elektrizit\u00e4tswerk Luzern die Anfrage zur Erstellung einer \u00f6ffentlichen Strassenbeleuchtung f\u00fcr die \u00abDorfstrasse\u00bb vom Gasshof zum K\u00fcferh\u00fcsli. Im Jahr 2002 ergriff wieder der Abendzirkel die Initiative. Zum 150 Jahr &hellip; <a href=\"https:\/\/abendzirkel.ch\/wp\/?page_id=1007\">Weiterlesen <span class=\"meta-nav\">&rarr;<\/span><\/a><\/p>\n","protected":false},"author":1,"featured_media":0,"parent":0,"menu_order":0,"comment_status":"closed","ping_status":"closed","template":"","meta":{"_acf_changed":false,"footnotes":""},"class_list":["post-1007","page","type-page","status-publish","hentry"],"acf":[],"_links":{"self":[{"href":"https:\/\/abendzirkel.ch\/wp\/index.php?rest_route=\/wp\/v2\/pages\/1007","targetHints":{"allow":["GET"]}}],"collection":[{"href":"https:\/\/abendzirkel.ch\/wp\/index.php?rest_route=\/wp\/v2\/pages"}],"about":[{"href":"https:\/\/abendzirkel.ch\/wp\/index.php?rest_route=\/wp\/v2\/types\/page"}],"author":[{"embeddable":true,"href":"https:\/\/abendzirkel.ch\/wp\/index.php?rest_route=\/wp\/v2\/users\/1"}],"replies":[{"embeddable":true,"href":"https:\/\/abendzirkel.ch\/wp\/index.php?rest_route=%2Fwp%2Fv2%2Fcomments&post=1007"}],"version-history":[{"count":12,"href":"https:\/\/abendzirkel.ch\/wp\/index.php?rest_route=\/wp\/v2\/pages\/1007\/revisions"}],"predecessor-version":[{"id":1132,"href":"https:\/\/abendzirkel.ch\/wp\/index.php?rest_route=\/wp\/v2\/pages\/1007\/revisions\/1132"}],"wp:attachment":[{"href":"https:\/\/abendzirkel.ch\/wp\/index.php?rest_route=%2Fwp%2Fv2%2Fmedia&parent=1007"}],"curies":[{"name":"wp","href":"https:\/\/api.w.org\/{rel}","templated":true}]}}